{"id":1163,"date":"2020-05-28T14:40:33","date_gmt":"2020-05-28T12:40:33","guid":{"rendered":"http:\/\/meditentramis.net\/?page_id=1163"},"modified":"2024-08-26T10:29:35","modified_gmt":"2024-08-26T08:29:35","slug":"seances-de-meditation-pleine-conscience-en-ligne","status":"publish","type":"page","link":"https:\/\/meditentramis.net\/index.php\/seances-de-meditation-pleine-conscience-en-ligne\/","title":{"rendered":"S\u00e9ances de m\u00e9ditation en ligne"},"content":{"rendered":"<p><span class=\"VIiyi\" lang=\"en\"><span class=\"JLqJ4b ChMk0b\" data-language-for-alternatives=\"en\" data-language-to-translate-into=\"fr\" data-phrase-index=\"0\">Les s\u00e9ances de m\u00e9ditation en ligne constituent une des activit\u00e9s propos\u00e9es dans le cadre du projet <a href=\"https:\/\/meditentramis.net\/\">Medit\u2019Entr\u2019Amis<\/a>.\u00a0 <\/span><\/span>Ces s\u00e9ances s\u2019adressent \u00e0 des personnes pratiquant la m\u00e9ditation de pleine conscience.\u00a0 Les personnes d\u00e9butantes et souhaitant suivre ces s\u00e9ances peuvent <a href=\"https:\/\/meditentramis.net\/index.php\/contacter\/\">nous contacter<\/a> pour des s\u00e9ances en ligne de m\u00e9ditations guid\u00e9es \u00e0 un autre horaire.<\/p>\n<p>Des s\u00e9ances ont lieu le matin de jusqu&#8217;\u00e0 8H et le soir jusqu&#8217;\u00e0 22H.<\/p>\n<p>Le principe des s\u00e9ances en ligne est de m\u00e9diter ensemble (il s&#8217;agit de m\u00e9ditations non guid\u00e9es) en \u00e9tant chacun chez soi par visio conf\u00e9rence. <em>Nous utilisons le logiciel Zoom installable sur t\u00e9l\u00e9phone, tablette ou ordinateur. Un mot de passe permet l&#8217;acc\u00e8s aux m\u00e9ditations en ligne.<\/em><\/p>\n<p>Il est possible d&#8217;arriver en cours de s\u00e9ance (par exemple si la dur\u00e9e parait trop longue). Il est demand\u00e9 de rester jusqu&#8217;\u00e0 la fin de la m\u00e9ditation. Apr\u00e8s chaque s\u00e9ance, des \u00e9changes sont possibles entre les participants avant de se dire au revoir.<\/p>\n<div dir=\"auto\"><strong>Important :<\/strong><\/div>\n<div dir=\"auto\">La fin de la m\u00e9ditation est signal\u00e9e par deux gongs ou par deux fois le son om.<\/div>\n<div dir=\"auto\">Environ une minute plus tard, l&#8217;animateur dit bonjour et nous pouvons activer nos micros et discuter ensemble.<\/div>\n<div dir=\"auto\">Si nous devons ou souhaitons quitter la discussion avant la fin de celle-ci, nous pouvons faire un signe de la main et quitter la session.<\/div>\n<p><strong>AVANT VOTRE PREMI\u00c8RE S\u00c9ANCE :<br \/><\/strong>Nous utilisons le logiciel Zoom (site : zoom.us).\u00a0 <br \/>Pour acc\u00e9der \u00e0 la s\u00e9ance, le num\u00e9ro de salle \u00e0 indiquer au logiciel Zoom est le suivant : 510-685-540. Le mot de passe actuel est 2357<\/p>\n\n\n<p><\/p>\n","protected":false},"excerpt":{"rendered":"<p>Les s\u00e9ances de m\u00e9ditation en ligne constituent une des activit\u00e9s propos\u00e9es dans le cadre du projet Medit\u2019Entr\u2019Amis.\u00a0 Ces s\u00e9ances s\u2019adressent \u00e0 des personnes pratiquant la m\u00e9ditation de pleine conscience.\u00a0 Les personnes d\u00e9butantes et souhaitant suivre ces s\u00e9ances peuvent nous contacter pour des s\u00e9ances en ligne de m\u00e9ditations guid\u00e9es \u00e0 un autre horaire. Des s\u00e9ances ont &hellip; <a href=\"https:\/\/meditentramis.net\/index.php\/seances-de-meditation-pleine-conscience-en-ligne\/\" class=\"more-link\">Continue reading<span class=\"screen-reader-text\"> &#8220;S\u00e9ances de m\u00e9ditation en ligne&#8221;<\/span><\/a><\/p>\n","protected":false},"author":1,"featured_media":0,"parent":0,"menu_order":0,"comment_status":"closed","ping_status":"closed","template":"","meta":{"footnotes":""},"_links":{"self":[{"href":"https:\/\/meditentramis.net\/index.php\/wp-json\/wp\/v2\/pages\/1163"}],"collection":[{"href":"https:\/\/meditentramis.net\/index.php\/wp-json\/wp\/v2\/pages"}],"about":[{"href":"https:\/\/meditentramis.net\/index.php\/wp-json\/wp\/v2\/types\/page"}],"author":[{"embeddable":true,"href":"https:\/\/meditentramis.net\/index.php\/wp-json\/wp\/v2\/users\/1"}],"replies":[{"embeddable":true,"href":"https:\/\/meditentramis.net\/index.php\/wp-json\/wp\/v2\/comments?post=1163"}],"version-history":[{"count":21,"href":"https:\/\/meditentramis.net\/index.php\/wp-json\/wp\/v2\/pages\/1163\/revisions"}],"predecessor-version":[{"id":3765,"href":"https:\/\/meditentramis.net\/index.php\/wp-json\/wp\/v2\/pages\/1163\/revisions\/3765"}],"wp:attachment":[{"href":"https:\/\/meditentramis.net\/index.php\/wp-json\/wp\/v2\/media?parent=1163"}],"curies":[{"name":"wp","href":"https:\/\/api.w.org\/{rel}","templated":true}]}}