{"id":2229,"date":"2021-05-24T11:24:22","date_gmt":"2021-05-24T09:24:22","guid":{"rendered":"http:\/\/meditentramis.net\/?page_id=2229"},"modified":"2025-02-02T15:52:34","modified_gmt":"2025-02-02T14:52:34","slug":"contacter","status":"publish","type":"page","link":"https:\/\/meditentramis.net\/index.php\/contacter\/","title":{"rendered":"Nous contacter \/ To contact us"},"content":{"rendered":"\n<p><em>(English version below)<\/em><\/p>\n\n\n\n<p><\/p>\n\n\n\n<p><strong>Pour contacter<a href=\"https:\/\/meditentramis.net\/index.php\/association-meditentramis\/\" data-type=\"page\" data-id=\"2705\"> <\/a>l&#8217;association<\/strong> Medit&#8217;Entr&#8217;Amis, vous pouvez nous joindre en utilisant le formulaire ci-dessous. Nous vous r\u00e9pondrons d\u00e8s que possible.<br><br><mark style=\"background-color:rgba(0, 0, 0, 0);color:#5a066b\" class=\"has-inline-color\"><strong>To contact the Medit&#8217;Entr&#8217;Amis association<\/strong>, you can join us using the form below. We will answer you as soon as possible.<br><\/mark><mark style=\"background-color:#fff;color:#5a066b\" class=\"has-inline-color\"><br><\/mark><\/p>\n\n\n<div class=\"wpforms-container wpforms-container-full wpforms-block wpforms-block-f205fa0a-cd68-42f2-ac18-3a52920d0008\" id=\"wpforms-2232\"><form id=\"wpforms-form-2232\" class=\"wpforms-validate wpforms-form\" data-formid=\"2232\" method=\"post\" enctype=\"multipart\/form-data\" action=\"\/index.php\/wp-json\/wp\/v2\/pages\/2229\" data-token=\"a1b0c337a8ad60058c9ff385819cd732\" data-token-time=\"1777518509\"><noscript class=\"wpforms-error-noscript\">Please enable JavaScript in your browser to complete this form.<\/noscript><div class=\"wpforms-field-container\"><div id=\"wpforms-2232-field_0-container\" class=\"wpforms-field wpforms-field-name\" data-field-id=\"0\"><label class=\"wpforms-field-label\">Pr\u00e9nom Nom\/Name <span class=\"wpforms-required-label\">*<\/span><\/label><div class=\"wpforms-field-row wpforms-field-medium\"><div class=\"wpforms-field-row-block wpforms-first wpforms-one-half\"><input type=\"text\" id=\"wpforms-2232-field_0\" class=\"wpforms-field-name-first wpforms-field-required\" name=\"wpforms[fields][0][first]\" required><label for=\"wpforms-2232-field_0\" class=\"wpforms-field-sublabel after\">First<\/label><\/div><div class=\"wpforms-field-row-block wpforms-one-half\"><input type=\"text\" id=\"wpforms-2232-field_0-last\" class=\"wpforms-field-name-last wpforms-field-required\" name=\"wpforms[fields][0][last]\" required><label for=\"wpforms-2232-field_0-last\" class=\"wpforms-field-sublabel after\">Last<\/label><\/div><\/div><\/div><div id=\"wpforms-2232-field_6-container\" class=\"wpforms-field wpforms-field-text\" data-field-id=\"6\"><label class=\"wpforms-field-label\" for=\"wpforms-2232-field_6\">Num\u00e9ro de t\u00e9l\u00e9phone\/Phone number<\/label><input type=\"text\" id=\"wpforms-2232-field_6\" class=\"wpforms-field-medium\" name=\"wpforms[fields][6]\" ><\/div><div id=\"wpforms-2232-field_1-container\" class=\"wpforms-field wpforms-field-email\" data-field-id=\"1\"><label class=\"wpforms-field-label\" for=\"wpforms-2232-field_1\">Email <span class=\"wpforms-required-label\">*<\/span><\/label><input type=\"email\" id=\"wpforms-2232-field_1\" class=\"wpforms-field-medium wpforms-field-required\" name=\"wpforms[fields][1]\" spellcheck=\"false\" required><\/div><div id=\"wpforms-2232-field_5-container\" class=\"wpforms-field wpforms-field-text\" data-field-id=\"5\"><label class=\"wpforms-field-label\" for=\"wpforms-2232-field_5\">Sujet \/ Subject<\/label><input type=\"text\" id=\"wpforms-2232-field_5\" class=\"wpforms-field-medium\" name=\"wpforms[fields][5]\" ><\/div><div id=\"wpforms-2232-field_2-container\" class=\"wpforms-field wpforms-field-textarea\" data-field-id=\"2\"><label class=\"wpforms-field-label\" for=\"wpforms-2232-field_2\">Message <span class=\"wpforms-required-label\">*<\/span><\/label><textarea id=\"wpforms-2232-field_2\" class=\"wpforms-field-medium wpforms-field-required\" name=\"wpforms[fields][2]\" required><\/textarea><\/div><\/div><!-- .wpforms-field-container --><div class=\"wpforms-recaptcha-container wpforms-is-hcaptcha\" ><div class=\"h-captcha\" data-sitekey=\"7c94d537-da40-42e8-b34e-f49b811b4d73\"><\/div><input type=\"text\" name=\"g-recaptcha-hidden\" class=\"wpforms-recaptcha-hidden\" style=\"position:absolute!important;clip:rect(0,0,0,0)!important;height:1px!important;width:1px!important;border:0!important;overflow:hidden!important;padding:0!important;margin:0!important;\" data-rule-hcaptcha=\"1\"><\/div><div class=\"wpforms-submit-container\" ><input type=\"hidden\" name=\"wpforms[id]\" value=\"2232\"><input type=\"hidden\" name=\"page_title\" value=\"\"><input type=\"hidden\" name=\"page_url\" value=\"https:\/\/meditentramis.net\/index.php\/wp-json\/wp\/v2\/pages\/2229\"><input type=\"hidden\" name=\"url_referer\" value=\"\"><button type=\"submit\" name=\"wpforms[submit]\" id=\"wpforms-submit-2232\" class=\"wpforms-submit\" data-alt-text=\"Envoi en cours\/Sending...\" data-submit-text=\"Envoyer\/Send\" aria-live=\"assertive\" value=\"wpforms-submit\">Envoyer\/Send<\/button><\/div><\/form><\/div>  <!-- .wpforms-container -->","protected":false},"excerpt":{"rendered":"<p>(English version below) Pour contacter l&#8217;association Medit&#8217;Entr&#8217;Amis, vous pouvez nous joindre en utilisant le formulaire ci-dessous. Nous vous r\u00e9pondrons d\u00e8s que possible. To contact the Medit&#8217;Entr&#8217;Amis association, you can join us using the form below. We will answer you as soon as possible.<\/p>\n","protected":false},"author":1,"featured_media":0,"parent":0,"menu_order":0,"comment_status":"closed","ping_status":"closed","template":"","meta":{"footnotes":""},"_links":{"self":[{"href":"https:\/\/meditentramis.net\/index.php\/wp-json\/wp\/v2\/pages\/2229"}],"collection":[{"href":"https:\/\/meditentramis.net\/index.php\/wp-json\/wp\/v2\/pages"}],"about":[{"href":"https:\/\/meditentramis.net\/index.php\/wp-json\/wp\/v2\/types\/page"}],"author":[{"embeddable":true,"href":"https:\/\/meditentramis.net\/index.php\/wp-json\/wp\/v2\/users\/1"}],"replies":[{"embeddable":true,"href":"https:\/\/meditentramis.net\/index.php\/wp-json\/wp\/v2\/comments?post=2229"}],"version-history":[{"count":18,"href":"https:\/\/meditentramis.net\/index.php\/wp-json\/wp\/v2\/pages\/2229\/revisions"}],"predecessor-version":[{"id":3795,"href":"https:\/\/meditentramis.net\/index.php\/wp-json\/wp\/v2\/pages\/2229\/revisions\/3795"}],"wp:attachment":[{"href":"https:\/\/meditentramis.net\/index.php\/wp-json\/wp\/v2\/media?parent=2229"}],"curies":[{"name":"wp","href":"https:\/\/api.w.org\/{rel}","templated":true}]}}