{"id":2332,"date":"2021-05-26T16:44:40","date_gmt":"2021-05-26T14:44:40","guid":{"rendered":"https:\/\/meditentramis.net\/?page_id=2332"},"modified":"2021-11-10T15:43:12","modified_gmt":"2021-11-10T14:43:12","slug":"photos-mudita","status":"publish","type":"page","link":"https:\/\/meditentramis.net\/index.php\/photos-mudita\/","title":{"rendered":"Chez Yannick \u00e0 la Mudita"},"content":{"rendered":"<p align=\"center\"><span class=\"tlid-translation translation\" lang=\"en\"><strong><span class=\"\" title=\"\">At Yannick&#8217;s at La Mudit\u0101:<\/span><\/strong><\/span><\/p>\n<p><!--<\/tr>\n\n\n\n\n<tr valign=\"top\">\n--><\/p>\n<table width=\"351\" cellspacing=\"0\" cellpadding=\"4\">\n<tbody>\n<tr valign=\"top\">\n<td width=\"169\">\n<p align=\"justify\"><img loading=\"lazy\" decoding=\"async\" class=\"alignnone wp-image-1981 size-full\" src=\"http:\/\/meditentramis.net\/wp-content\/uploads\/2021\/05\/20210511_180516.jpg\" alt=\"\" width=\"404\" height=\"303\" srcset=\"https:\/\/meditentramis.net\/wp-content\/uploads\/2021\/05\/20210511_180516.jpg 404w, https:\/\/meditentramis.net\/wp-content\/uploads\/2021\/05\/20210511_180516-300x225.jpg 300w\" sizes=\"(max-width: 404px) 85vw, 404px\" \/><\/p>\n<\/td>\n<td width=\"164\">\n<p align=\"justify\">L\u2019entr\u00e9e de la <span lang=\"en-US\">Mudit\u0101 <\/span><\/p>\n<p align=\"justify\">The entry of La <span lang=\"en-US\">Mudit\u0101 <\/span><\/p>\n<\/td>\n<\/tr>\n<tr valign=\"top\">\n<td width=\"169\">\n<p align=\"justify\"><img loading=\"lazy\" decoding=\"async\" class=\"alignnone wp-image-1980 size-full\" src=\"http:\/\/meditentramis.net\/wp-content\/uploads\/2021\/05\/20210511_180816.jpg\" alt=\"\" width=\"404\" height=\"303\" srcset=\"https:\/\/meditentramis.net\/wp-content\/uploads\/2021\/05\/20210511_180816.jpg 404w, https:\/\/meditentramis.net\/wp-content\/uploads\/2021\/05\/20210511_180816-300x225.jpg 300w\" sizes=\"(max-width: 404px) 85vw, 404px\" \/><\/p>\n<\/td>\n<td width=\"164\">\n<p align=\"justify\">La maison<\/p>\n<p align=\"justify\">The house<\/p>\n<\/td>\n<\/tr>\n<tr valign=\"top\">\n<td width=\"169\">\n<p align=\"justify\"><img loading=\"lazy\" decoding=\"async\" class=\"alignnone size-full wp-image-1282\" src=\"http:\/\/meditentramis.net\/wp-content\/uploads\/2020\/09\/La-Mudita-20200915_html_d73221cc78aa81c6.jpg\" alt=\"\" width=\"404\" height=\"303\" srcset=\"https:\/\/meditentramis.net\/wp-content\/uploads\/2020\/09\/La-Mudita-20200915_html_d73221cc78aa81c6.jpg 404w, https:\/\/meditentramis.net\/wp-content\/uploads\/2020\/09\/La-Mudita-20200915_html_d73221cc78aa81c6-300x225.jpg 300w\" sizes=\"(max-width: 404px) 85vw, 404px\" \/><\/p>\n<\/td>\n<td width=\"164\">\n<p align=\"justify\">L\u2019arri\u00e8re avec la v\u00e9randa<\/p>\n<p align=\"justify\">The rear with the veranda<\/p>\n<\/td>\n<\/tr>\n<tr valign=\"top\">\n<td width=\"169\"><img loading=\"lazy\" decoding=\"async\" class=\"alignnone size-full wp-image-2633\" src=\"https:\/\/meditentramis.net\/wp-content\/uploads\/2021\/08\/20201128_113058.jpg\" alt=\"\" width=\"404\" height=\"303\" srcset=\"https:\/\/meditentramis.net\/wp-content\/uploads\/2021\/08\/20201128_113058.jpg 404w, https:\/\/meditentramis.net\/wp-content\/uploads\/2021\/08\/20201128_113058-300x225.jpg 300w\" sizes=\"(max-width: 404px) 85vw, 404px\" \/><\/p>\n<p align=\"justify\">\n<\/td>\n<td width=\"164\">\n<p align=\"justify\">La maison<\/p>\n<p align=\"justify\">The house<\/p>\n<\/td>\n<\/tr>\n<tr valign=\"top\">\n<td width=\"169\"><img loading=\"lazy\" decoding=\"async\" class=\"alignnone wp-image-2992 size-full\" src=\"https:\/\/meditentramis.net\/wp-content\/uploads\/2021\/11\/03-jardinVueNordEst.jpg\" alt=\"\" width=\"600\" height=\"449\" srcset=\"https:\/\/meditentramis.net\/wp-content\/uploads\/2021\/11\/03-jardinVueNordEst.jpg 600w, https:\/\/meditentramis.net\/wp-content\/uploads\/2021\/11\/03-jardinVueNordEst-300x225.jpg 300w\" sizes=\"(max-width: 600px) 85vw, 600px\" \/><\/p>\n<p align=\"justify\">\n<\/td>\n<td width=\"164\">\n<p align=\"justify\">Le terrain et la maison<\/p>\n<p align=\"justify\">\n<\/td>\n<\/tr>\n<tr valign=\"top\">\n<td width=\"169\"><img loading=\"lazy\" decoding=\"async\" class=\"alignnone wp-image-2993 size-full\" src=\"https:\/\/meditentramis.net\/wp-content\/uploads\/2021\/11\/04-jardinVueOuest.jpg\" alt=\"\" width=\"600\" height=\"449\" srcset=\"https:\/\/meditentramis.net\/wp-content\/uploads\/2021\/11\/04-jardinVueOuest.jpg 600w, https:\/\/meditentramis.net\/wp-content\/uploads\/2021\/11\/04-jardinVueOuest-300x225.jpg 300w\" sizes=\"(max-width: 600px) 85vw, 600px\" \/><\/p>\n<p align=\"justify\">\n<\/td>\n<td width=\"164\">\n<p align=\"justify\">Le terrain<\/p>\n<p align=\"justify\">\n<\/td>\n<\/tr>\n<tr valign=\"top\">\n<td width=\"169\"><img loading=\"lazy\" decoding=\"async\" class=\"alignnone wp-image-2995 size-full\" src=\"https:\/\/meditentramis.net\/wp-content\/uploads\/2021\/11\/06-perron.jpg\" alt=\"\" width=\"388\" height=\"615\" srcset=\"https:\/\/meditentramis.net\/wp-content\/uploads\/2021\/11\/06-perron.jpg 388w, https:\/\/meditentramis.net\/wp-content\/uploads\/2021\/11\/06-perron-189x300.jpg 189w\" sizes=\"(max-width: 388px) 85vw, 388px\" \/><\/p>\n<p align=\"justify\">\n<\/td>\n<td width=\"164\">\n<p align=\"justify\">Le perron<\/p>\n<p align=\"justify\">\n<\/td>\n<\/tr>\n<tr valign=\"top\">\n<td width=\"169\">\n<p align=\"justify\"><img loading=\"lazy\" decoding=\"async\" class=\"alignnone wp-image-2996 size-full\" src=\"https:\/\/meditentramis.net\/wp-content\/uploads\/2021\/11\/07-cuisine.jpg\" alt=\"\" width=\"600\" height=\"449\" srcset=\"https:\/\/meditentramis.net\/wp-content\/uploads\/2021\/11\/07-cuisine.jpg 600w, https:\/\/meditentramis.net\/wp-content\/uploads\/2021\/11\/07-cuisine-300x225.jpg 300w\" sizes=\"(max-width: 600px) 85vw, 600px\" \/><\/p>\n<\/td>\n<td width=\"164\">\n<p align=\"justify\">La cuisine<\/p>\n<p align=\"justify\">The kitchen<\/p>\n<\/td>\n<\/tr>\n<tr valign=\"top\">\n<td width=\"169\">\n<p align=\"justify\"><img loading=\"lazy\" decoding=\"async\" class=\"alignnone wp-image-2072 size-full\" src=\"http:\/\/meditentramis.net\/wp-content\/uploads\/2021\/05\/20201230_111903.jpg\" alt=\"\" width=\"404\" height=\"303\" srcset=\"https:\/\/meditentramis.net\/wp-content\/uploads\/2021\/05\/20201230_111903.jpg 404w, https:\/\/meditentramis.net\/wp-content\/uploads\/2021\/05\/20201230_111903-300x225.jpg 300w\" sizes=\"(max-width: 404px) 85vw, 404px\" \/><\/p>\n<\/td>\n<td width=\"164\">\n<p align=\"justify\">Le salon<\/p>\n<p align=\"justify\">\n<\/td>\n<\/tr>\n<tr valign=\"top\">\n<td width=\"169\">\n<p align=\"justify\"><img loading=\"lazy\" decoding=\"async\" class=\"alignnone wp-image-1965 size-full\" src=\"https:\/\/meditentramis.net\/wp-content\/uploads\/2021\/04\/20210424_164717.jpg\" alt=\"\" width=\"303\" height=\"404\" srcset=\"https:\/\/meditentramis.net\/wp-content\/uploads\/2021\/04\/20210424_164717.jpg 303w, https:\/\/meditentramis.net\/wp-content\/uploads\/2021\/04\/20210424_164717-225x300.jpg 225w\" sizes=\"(max-width: 303px) 85vw, 303px\" \/><\/p>\n<\/td>\n<td width=\"164\">\n<p align=\"justify\">La veranda<\/p>\n<p align=\"justify\">\n<\/td>\n<\/tr>\n<tr valign=\"top\">\n<td width=\"169\">\n<p align=\"justify\"><img loading=\"lazy\" decoding=\"async\" class=\"alignnone wp-image-2999 size-full\" src=\"https:\/\/meditentramis.net\/wp-content\/uploads\/2021\/11\/10-chambre-2.jpg\" alt=\"\" width=\"600\" height=\"449\" srcset=\"https:\/\/meditentramis.net\/wp-content\/uploads\/2021\/11\/10-chambre-2.jpg 600w, https:\/\/meditentramis.net\/wp-content\/uploads\/2021\/11\/10-chambre-2-300x225.jpg 300w\" sizes=\"(max-width: 600px) 85vw, 600px\" \/><\/p>\n<\/td>\n<td width=\"164\">\n<p align=\"justify\">Une chambre<\/p>\n<p align=\"justify\">A bedroom<\/p>\n<\/td>\n<\/tr>\n<tr valign=\"top\">\n<td width=\"169\">\n<p align=\"justify\"><img loading=\"lazy\" decoding=\"async\" class=\"alignnone wp-image-3000 size-full\" src=\"https:\/\/meditentramis.net\/wp-content\/uploads\/2021\/11\/11-vue-chambre-4.jpg\" alt=\"\" width=\"449\" height=\"600\" srcset=\"https:\/\/meditentramis.net\/wp-content\/uploads\/2021\/11\/11-vue-chambre-4.jpg 449w, https:\/\/meditentramis.net\/wp-content\/uploads\/2021\/11\/11-vue-chambre-4-225x300.jpg 225w\" sizes=\"(max-width: 449px) 85vw, 449px\" \/><\/p>\n<\/td>\n<td width=\"164\">\n<p align=\"justify\">Une vue du premier \u00e9tage<\/p>\n<p align=\"justify\">\n<\/td>\n<\/tr>\n<tr valign=\"top\">\n<td width=\"169\">\n<p align=\"justify\"><img loading=\"lazy\" decoding=\"async\" class=\"alignnone  wp-image-1281\" src=\"http:\/\/meditentramis.net\/wp-content\/uploads\/2020\/09\/La-Mudita-20200915_html_81291834c69a581e-rotated-e1600791732800.jpg\" alt=\"\" width=\"201\" height=\"268\" srcset=\"https:\/\/meditentramis.net\/wp-content\/uploads\/2020\/09\/La-Mudita-20200915_html_81291834c69a581e-rotated-e1600791732800.jpg 303w, https:\/\/meditentramis.net\/wp-content\/uploads\/2020\/09\/La-Mudita-20200915_html_81291834c69a581e-rotated-e1600791732800-225x300.jpg 225w\" sizes=\"(max-width: 201px) 85vw, 201px\" \/><\/p>\n<\/td>\n<td width=\"164\">\n<p align=\"justify\">L\u2019escalier du grenier<\/p>\n<p align=\"justify\">The stairs of the attic<\/p>\n<\/td>\n<\/tr>\n<tr valign=\"top\">\n<td width=\"169\">\n<p align=\"justify\"><img loading=\"lazy\" decoding=\"async\" class=\"alignnone wp-image-3002 size-full\" src=\"https:\/\/meditentramis.net\/wp-content\/uploads\/2021\/11\/13-salleMeditVide.jpg\" alt=\"\" width=\"548\" height=\"411\" srcset=\"https:\/\/meditentramis.net\/wp-content\/uploads\/2021\/11\/13-salleMeditVide.jpg 548w, https:\/\/meditentramis.net\/wp-content\/uploads\/2021\/11\/13-salleMeditVide-300x225.jpg 300w\" sizes=\"(max-width: 548px) 85vw, 548px\" \/><\/p>\n<\/td>\n<td width=\"164\">\n<p align=\"justify\">La grande salle en mode salle de m\u00e9ditation<\/p>\n<p align=\"justify\">The large room in meditation room mode<\/p>\n<\/td>\n<\/tr>\n<tr valign=\"top\">\n<td width=\"169\">\n<p align=\"justify\"><img loading=\"lazy\" decoding=\"async\" class=\"alignnone size-large wp-image-2566\" src=\"https:\/\/meditentramis.net\/wp-content\/uploads\/2021\/08\/IMG-20210805-WA0033-1024x576.jpg\" alt=\"\" width=\"840\" height=\"473\" srcset=\"https:\/\/meditentramis.net\/wp-content\/uploads\/2021\/08\/IMG-20210805-WA0033-1024x576.jpg 1024w, https:\/\/meditentramis.net\/wp-content\/uploads\/2021\/08\/IMG-20210805-WA0033-300x169.jpg 300w, https:\/\/meditentramis.net\/wp-content\/uploads\/2021\/08\/IMG-20210805-WA0033-768x432.jpg 768w, https:\/\/meditentramis.net\/wp-content\/uploads\/2021\/08\/IMG-20210805-WA0033-1536x864.jpg 1536w, https:\/\/meditentramis.net\/wp-content\/uploads\/2021\/08\/IMG-20210805-WA0033-1200x675.jpg 1200w, https:\/\/meditentramis.net\/wp-content\/uploads\/2021\/08\/IMG-20210805-WA0033-1320x742.jpg 1320w, https:\/\/meditentramis.net\/wp-content\/uploads\/2021\/08\/IMG-20210805-WA0033.jpg 1599w\" sizes=\"(max-width: 709px) 85vw, (max-width: 909px) 67vw, (max-width: 1362px) 62vw, 840px\" \/><\/p>\n<\/td>\n<td width=\"164\">\n<p align=\"justify\">M\u00e9ditation en cours<\/p>\n<p align=\"justify\">\n<\/td>\n<\/tr>\n<tr valign=\"top\">\n<td width=\"169\">\n<p align=\"justify\"><img loading=\"lazy\" decoding=\"async\" class=\"alignnone size-full wp-image-2613\" src=\"https:\/\/meditentramis.net\/wp-content\/uploads\/2021\/08\/IMG_1661.jpg\" alt=\"\" width=\"365\" height=\"274\" srcset=\"https:\/\/meditentramis.net\/wp-content\/uploads\/2021\/08\/IMG_1661.jpg 365w, https:\/\/meditentramis.net\/wp-content\/uploads\/2021\/08\/IMG_1661-300x225.jpg 300w\" sizes=\"(max-width: 365px) 85vw, 365px\" \/><\/p>\n<\/td>\n<td width=\"164\">\n<p align=\"justify\">S\u00e9ance de Yoga<\/p>\n<p align=\"justify\">Yoga session<\/p>\n<\/td>\n<\/tr>\n<tr valign=\"top\">\n<td width=\"169\">\n<p align=\"justify\"><img loading=\"lazy\" decoding=\"async\" class=\"alignnone wp-image-3004 size-full\" src=\"https:\/\/meditentramis.net\/wp-content\/uploads\/2021\/11\/15-veluxEglise.jpg\" alt=\"\" width=\"600\" height=\"449\" srcset=\"https:\/\/meditentramis.net\/wp-content\/uploads\/2021\/11\/15-veluxEglise.jpg 600w, https:\/\/meditentramis.net\/wp-content\/uploads\/2021\/11\/15-veluxEglise-300x225.jpg 300w\" sizes=\"(max-width: 600px) 85vw, 600px\" \/><\/p>\n<\/td>\n<td width=\"164\">\n<p align=\"justify\">Vue du deuxi\u00e8me \u00e9tage<span lang=\"en-US\"><br \/>\n<\/span><\/p>\n<p align=\"justify\">\n<\/td>\n<\/tr>\n<tr valign=\"top\">\n<td width=\"169\">\n<p align=\"justify\"><img loading=\"lazy\" decoding=\"async\" class=\"alignnone wp-image-2989 size-full\" src=\"https:\/\/meditentramis.net\/wp-content\/uploads\/2021\/11\/16-veluxCampagne.jpg\" alt=\"\" width=\"449\" height=\"600\" srcset=\"https:\/\/meditentramis.net\/wp-content\/uploads\/2021\/11\/16-veluxCampagne.jpg 449w, https:\/\/meditentramis.net\/wp-content\/uploads\/2021\/11\/16-veluxCampagne-225x300.jpg 225w\" sizes=\"(max-width: 449px) 85vw, 449px\" \/><\/p>\n<\/td>\n<td width=\"164\">\n<p align=\"justify\">Vue du deuxi\u00e8me \u00e9tage<span lang=\"en-US\"><br \/>\n<\/span><\/p>\n<p align=\"justify\">\n<\/td>\n<\/tr>\n<tr valign=\"top\">\n<td width=\"169\">\n<p align=\"justify\"><img loading=\"lazy\" decoding=\"async\" class=\"alignnone size-full wp-image-1966\" src=\"http:\/\/meditentramis.net\/wp-content\/uploads\/2021\/04\/20210416_171643.jpg\" alt=\"\" width=\"404\" height=\"303\" srcset=\"https:\/\/meditentramis.net\/wp-content\/uploads\/2021\/04\/20210416_171643.jpg 404w, https:\/\/meditentramis.net\/wp-content\/uploads\/2021\/04\/20210416_171643-300x225.jpg 300w\" sizes=\"(max-width: 404px) 85vw, 404px\" \/><\/p>\n<\/td>\n<td width=\"164\">\n<p align=\"justify\">Jardinage en cours<\/p>\n<p align=\"justify\">\n<\/td>\n<\/tr>\n<\/tbody>\n<\/table>\n<p><!--more--><\/p>\n","protected":false},"excerpt":{"rendered":"<p>At Yannick&#8217;s at La Mudit\u0101: L\u2019entr\u00e9e de la Mudit\u0101 The entry of La Mudit\u0101 La maison The house L\u2019arri\u00e8re avec la v\u00e9randa The rear with the veranda La maison The house Le terrain et la maison Le terrain Le perron La cuisine The kitchen Le salon La veranda Une chambre A bedroom Une vue du &hellip; <a href=\"https:\/\/meditentramis.net\/index.php\/photos-mudita\/\" class=\"more-link\">Continue reading<span class=\"screen-reader-text\"> &#8220;Chez Yannick \u00e0 la Mudita&#8221;<\/span><\/a><\/p>\n","protected":false},"author":1,"featured_media":0,"parent":0,"menu_order":0,"comment_status":"closed","ping_status":"closed","template":"","meta":{"footnotes":""},"_links":{"self":[{"href":"https:\/\/meditentramis.net\/index.php\/wp-json\/wp\/v2\/pages\/2332"}],"collection":[{"href":"https:\/\/meditentramis.net\/index.php\/wp-json\/wp\/v2\/pages"}],"about":[{"href":"https:\/\/meditentramis.net\/index.php\/wp-json\/wp\/v2\/types\/page"}],"author":[{"embeddable":true,"href":"https:\/\/meditentramis.net\/index.php\/wp-json\/wp\/v2\/users\/1"}],"replies":[{"embeddable":true,"href":"https:\/\/meditentramis.net\/index.php\/wp-json\/wp\/v2\/comments?post=2332"}],"version-history":[{"count":11,"href":"https:\/\/meditentramis.net\/index.php\/wp-json\/wp\/v2\/pages\/2332\/revisions"}],"predecessor-version":[{"id":3011,"href":"https:\/\/meditentramis.net\/index.php\/wp-json\/wp\/v2\/pages\/2332\/revisions\/3011"}],"wp:attachment":[{"href":"https:\/\/meditentramis.net\/index.php\/wp-json\/wp\/v2\/media?parent=2332"}],"curies":[{"name":"wp","href":"https:\/\/api.w.org\/{rel}","templated":true}]}}