{"id":3227,"date":"2022-03-05T16:58:39","date_gmt":"2022-03-05T15:58:39","guid":{"rendered":"https:\/\/meditentramis.net\/?page_id=3227"},"modified":"2026-01-29T22:11:45","modified_gmt":"2026-01-29T21:11:45","slug":"adhesion","status":"publish","type":"page","link":"https:\/\/meditentramis.net\/index.php\/adhesion\/","title":{"rendered":"Contact, adh\u00e9sion, don"},"content":{"rendered":"\n<h2 class=\"wp-block-heading\"><mark style=\"background-color:rgba(0, 0, 0, 0)\" class=\"has-inline-color has-dark-red-color\">Contact, membership, donation<\/mark><\/h2>\n\n\n\n<p>Contact : <a href=\"https:\/\/meditentramis.net\/index.php\/contacter\/\" data-type=\"page\" data-id=\"2229\">nous contacter<\/a><br><br><mark style=\"background-color:rgba(0, 0, 0, 0)\" class=\"has-inline-color has-dark-red-color\">(in english below)<\/mark><br>Adh\u00e9rer \u00e0 l&#8217;association permet de participer \u00e0 ses activit\u00e9s. C&#8217;est aussi une fa\u00e7on de soutenir le projet de l&#8217;association.<br>Le montant r\u00e9colt\u00e9 avec les adh\u00e9sions permet de couvrir les frais fixes de l&#8217;association (assurance, internet, flyers \u2026).<br>L\u2019adh\u00e9sion annuelle (10\u20ac ou 20\u20ac) peut se faire en ligne sur le site helloasso \u00e0 <a href=\"https:\/\/www.helloasso.com\/associations\/medit-entr-amis\/adhesions\/adhesion-a-l-association-2026\">https:\/\/www.helloasso.com\/associations\/medit-entr-amis\/adhesions\/adhesion-a-l-association-2026<\/a> . Elle peut aussi se faire par virement bancaire ou, lors des soir\u00e9es m\u00e9ditations, en esp\u00e8ces ou par ch\u00e8que. Nous remercions les personnes participant \u00e0 un s\u00e9jour d&#8217;adh\u00e9rer avant le d\u00e9but du s\u00e9jour.<br><br>Vous pouvez faire <a href=\"https:\/\/www.helloasso.com\/associations\/medit-entr-amis\/formulaires\/4\">un don \u00e0 l&#8217;association<\/a> sur le site helloasso<\/p>\n\n\n\n<p><mark style=\"background-color:rgba(0, 0, 0, 0)\" class=\"has-inline-color has-dark-red-color\">Joining the association allows you to participate in its activities. It is also a way of supporting the association&#8217;s project.<br>The amount collected with the memberships makes it possible to cover the fixed costs of the association (insurance, internet, flyers, etc.).<br>Annual membership (\u20ac10 or \u20ac20) can be done online on the helloasso website at <a href=\"https:\/\/www.helloasso.com\/associations\/medit-entr-amis\/adhesions\/adhesion-a-l-association-1\">https:\/\/www.helloasso.com\/associations\/medit-entr-amis\/adhesions\/adhesion-a-l-association-1<\/a> . <br>You can make <a href=\"http:\/\/helloasso.com\/associations\/medit-entr-amis\/formulaires\/4\">a donation to the association<\/a> on the helloasso website<\/mark><br><\/p>\n\n\n\n<p><br><\/p>\n","protected":false},"excerpt":{"rendered":"<p>Contact, membership, donation Contact : nous contacter (in english below)Adh\u00e9rer \u00e0 l&#8217;association permet de participer \u00e0 ses activit\u00e9s. C&#8217;est aussi une fa\u00e7on de soutenir le projet de l&#8217;association.Le montant r\u00e9colt\u00e9 avec les adh\u00e9sions permet de couvrir les frais fixes de l&#8217;association (assurance, internet, flyers \u2026).L\u2019adh\u00e9sion annuelle (10\u20ac ou 20\u20ac) peut se faire en ligne sur &hellip; <a href=\"https:\/\/meditentramis.net\/index.php\/adhesion\/\" class=\"more-link\">Continue reading<span class=\"screen-reader-text\"> &#8220;Contact, adh\u00e9sion, don&#8221;<\/span><\/a><\/p>\n","protected":false},"author":1,"featured_media":0,"parent":0,"menu_order":0,"comment_status":"closed","ping_status":"closed","template":"","meta":{"footnotes":""},"_links":{"self":[{"href":"https:\/\/meditentramis.net\/index.php\/wp-json\/wp\/v2\/pages\/3227"}],"collection":[{"href":"https:\/\/meditentramis.net\/index.php\/wp-json\/wp\/v2\/pages"}],"about":[{"href":"https:\/\/meditentramis.net\/index.php\/wp-json\/wp\/v2\/types\/page"}],"author":[{"embeddable":true,"href":"https:\/\/meditentramis.net\/index.php\/wp-json\/wp\/v2\/users\/1"}],"replies":[{"embeddable":true,"href":"https:\/\/meditentramis.net\/index.php\/wp-json\/wp\/v2\/comments?post=3227"}],"version-history":[{"count":12,"href":"https:\/\/meditentramis.net\/index.php\/wp-json\/wp\/v2\/pages\/3227\/revisions"}],"predecessor-version":[{"id":3891,"href":"https:\/\/meditentramis.net\/index.php\/wp-json\/wp\/v2\/pages\/3227\/revisions\/3891"}],"wp:attachment":[{"href":"https:\/\/meditentramis.net\/index.php\/wp-json\/wp\/v2\/media?parent=3227"}],"curies":[{"name":"wp","href":"https:\/\/api.w.org\/{rel}","templated":true}]}}