{"id":3837,"date":"2025-11-15T12:34:57","date_gmt":"2025-11-15T11:34:57","guid":{"rendered":"https:\/\/meditentramis.net\/?page_id=3837"},"modified":"2026-05-05T11:58:53","modified_gmt":"2026-05-05T09:58:53","slug":"soiree-meditation-a-flux-quimper","status":"publish","type":"page","link":"https:\/\/meditentramis.net\/index.php\/soiree-meditation-a-flux-quimper\/","title":{"rendered":"Soir\u00e9es M\u00e9ditation et Convivialit\u00e9 \u00e0 Quimper"},"content":{"rendered":"<p>Vous trouverez sur la page d&#8217;accueil de ce site <a href=\"https:\/\/meditentramis.net\">les dates des prochaines s\u00e9ances<\/a>.<\/p>\n<p><img loading=\"lazy\" decoding=\"async\" class=\"alignnone wp-image-2557 size-large\" src=\"https:\/\/meditentramis.net\/wp-content\/uploads\/2021\/08\/IMG-20210805-WA0018-1024x576.jpg\" alt=\"\" width=\"840\" height=\"473\" srcset=\"https:\/\/meditentramis.net\/wp-content\/uploads\/2021\/08\/IMG-20210805-WA0018-1024x576.jpg 1024w, https:\/\/meditentramis.net\/wp-content\/uploads\/2021\/08\/IMG-20210805-WA0018-300x169.jpg 300w, https:\/\/meditentramis.net\/wp-content\/uploads\/2021\/08\/IMG-20210805-WA0018-768x432.jpg 768w, https:\/\/meditentramis.net\/wp-content\/uploads\/2021\/08\/IMG-20210805-WA0018-1536x864.jpg 1536w, https:\/\/meditentramis.net\/wp-content\/uploads\/2021\/08\/IMG-20210805-WA0018-1200x675.jpg 1200w, https:\/\/meditentramis.net\/wp-content\/uploads\/2021\/08\/IMG-20210805-WA0018-1320x742.jpg 1320w, https:\/\/meditentramis.net\/wp-content\/uploads\/2021\/08\/IMG-20210805-WA0018.jpg 1599w\" sizes=\"(max-width: 709px) 85vw, (max-width: 909px) 67vw, (max-width: 1362px) 62vw, 840px\" \/><\/p>\n<p>Les s\u00e9ances &#8220;m\u00e9ditation et convivialit\u00e9&#8221; constituent une des activit\u00e9s propos\u00e9es dans le cadre du projet <a href=\"https:\/\/meditentramis.net\/\">Medit&#8217;Entr&#8217;Amis<\/a>. <br \/>Ces s\u00e9ances s&#8217;adressent \u00e0 des personnes pratiquant la m\u00e9ditation de pleine conscience ou souhaitant la d\u00e9couvrir.\u00a0\u00a0<\/p>\n<p><span style=\"color: #ff0000;\"><strong>De quel type de m\u00e9ditation parlons nous ici ?<\/strong><\/span><br \/>Le type de m\u00e9ditation concern\u00e9 ici est la <a href=\"https:\/\/meditentramis.net\/index.php\/meditation-en-pleine-conscience\/\">m\u00e9ditation de pleine conscience<\/a> (mindfulness). C\u2019est une pratique 100% la\u00efque qui consiste \u00e0 se focaliser sur l\u2019instant pr\u00e9sent, sur ses sensations internes et perceptions. La m\u00e9ditation de pleine conscience se pratique le plus souvent en position <strong>assise et en silence<\/strong> en \u00e9tant assis sur un coussin ou sur une chaise. <strong><span class=\"tlid-translation translation\" lang=\"fr\"><span class=\"\" title=\"\"><br \/><\/span><\/span><\/strong><\/p>\n<p><span style=\"color: #ff0000;\"><strong>Je n\u2019ai jamais fait de m\u00e9ditation, puis-je venir \u00e0 une s\u00e9ance ?<br \/><\/strong><span style=\"color: #000000;\">Oui, certaines m\u00e9ditations pourront \u00eatre guid\u00e9es pour nous aider dans notre apprentissage. <br \/><\/span><\/span><\/p>\n<p><span style=\"color: #ff0000;\"><strong>Comment se d\u00e9roulent ces s\u00e9ances ?<\/strong><\/span><\/p>\n<p>Le principe est de m\u00e9diter ensemble et de partager ensuite le repas froid v\u00e9g\u00e9tarien et sans alcool avec ce que chacun de nous aura apport\u00e9.\u00a0<\/p>\n<p>Nous faisons tout d&#8217;abord une m\u00e9ditation assise en silence d\u2019environ 20\u2019, \u00e9ventuellement guid\u00e9e s\u2019il y a des d\u00e9butant.e.s.<br \/>Nous continuons par une\u00a0 m\u00e9ditation march\u00e9e d&#8217;environ 10\u2019 suivie d&#8217;une m\u00e9ditation assise en silence d\u2019environ 30\u2019. Les personnes d\u00e9butantes peuvent \u00e9courter la deuxi\u00e8me m\u00e9ditation assise. Nous en parlerons ensemble.<br \/>Nous terminons cette partie de la soir\u00e9e par la lecture d\u2019un texte court suivi d&#8217;un cercle de parole.<br \/>Nous poursuivons par un moment de convivialit\u00e9 en partageant ensemble un repas froid v\u00e9g\u00e9tarien et sans alcool avec\u00a0 ce que chacun aura apport\u00e9. Puis on range, on fait le m\u00e9nage <span style=\"font-family: Segoe UI Emoji, serif;\">\ud83d\ude42<\/span> et le gong de fin de s\u00e9ance retentit <span style=\"font-family: Segoe UI Emoji, serif;\">\ud83d\ude42<\/span><\/p>\n<p><span style=\"color: #ff0000;\"><strong>Que faut-il apporter ?<br \/><\/strong><\/span><\/p>\n<p>Si vous souhaitez m\u00e9diter en vous asseyant sur une chaise, il y en a sur place. Sinon,\u00a0 vous pouvez aussi apporter votre zafu ou un coussin ferme pour la m\u00e9ditation assise.\u00a0 Si vous le pensez utile, apportez un plaid pour vous couvrir au cas o\u00f9 la pi\u00e8ce serait un peu fra\u00eeche.<br \/>Il est pr\u00e9f\u00e9rable d\u2019\u00e9viter les pantalons serr\u00e9s (vous pouvez vous changer sur place).<\/p>\n<p><strong><span style=\"color: #ff0000;\">Est-ce gratuit ?<\/span><br \/><\/strong>oui.<br \/>Un don peut \u00eatre fait \u00e0 l&#8217;association en fin se s\u00e9ance pour couvrir en particulier\u00a0 les frais de location du lieu.<\/p>\n<p><strong><span class=\"has-inline-color has-bright-red-color\" style=\"color: #ff0000;\" data-rich-text-format-boundary=\"true\">Quelle est l&#8217;adresse ?<br \/><\/span><\/strong>Cela d\u00e9pend des soir\u00e9es. <br \/>&#8211; si c&#8217;est \u00e0 Flux, l&#8217;adresse du lieu est Association Flux, 3 rue du Cosquer \u00e0 Quimper. Si le bar est ferm\u00e9, entrer par le porche situ\u00e9 \u00e0 droite du bar.<br \/>&#8211; si c&#8217;est ailleurs \u00e0 Quimper, l&#8217;adresse vous sera pr\u00e9cis\u00e9e.<\/p>\n<p><strong><span class=\"has-inline-color has-bright-red-color\" style=\"color: #ff0000;\" data-rich-text-format-boundary=\"true\">Comment s&#8217;inscrire pour venir \u00e0 une s\u00e9ance ?<\/span><br data-rich-text-line-break=\"true\" \/><\/strong>Si vous envisagez de venir \u00e0 une s\u00e9ance, Merci de vous inscrire (lien sur le <a href=\"https:\/\/meditentramis.net\/index.php\/planning-mediter-entre-amis-en-bretagne\/\">planning<\/a>). Si vous souhaitez des informations compl\u00e9mentaires, <strong><a href=\"https:\/\/meditentramis.net\/index.php\/contacter\/\">vous pouvez nous contacter<\/a>\u00a0<\/strong><\/p>\n\n\n<p><strong><span class=\"has-inline-color has-bright-red-color\"><\/span><\/strong><\/p>\n\n\n\n<p><\/p>\n","protected":false},"excerpt":{"rendered":"<p>Vous trouverez sur la page d&#8217;accueil de ce site les dates des prochaines s\u00e9ances. Les s\u00e9ances &#8220;m\u00e9ditation et convivialit\u00e9&#8221; constituent une des activit\u00e9s propos\u00e9es dans le cadre du projet Medit&#8217;Entr&#8217;Amis. Ces s\u00e9ances s&#8217;adressent \u00e0 des personnes pratiquant la m\u00e9ditation de pleine conscience ou souhaitant la d\u00e9couvrir.\u00a0\u00a0 De quel type de m\u00e9ditation parlons nous ici ?Le &hellip; <a href=\"https:\/\/meditentramis.net\/index.php\/soiree-meditation-a-flux-quimper\/\" class=\"more-link\">Continue reading<span class=\"screen-reader-text\"> &#8220;Soir\u00e9es M\u00e9ditation et Convivialit\u00e9 \u00e0 Quimper&#8221;<\/span><\/a><\/p>\n","protected":false},"author":1,"featured_media":0,"parent":0,"menu_order":0,"comment_status":"closed","ping_status":"closed","template":"","meta":{"footnotes":""},"_links":{"self":[{"href":"https:\/\/meditentramis.net\/index.php\/wp-json\/wp\/v2\/pages\/3837"}],"collection":[{"href":"https:\/\/meditentramis.net\/index.php\/wp-json\/wp\/v2\/pages"}],"about":[{"href":"https:\/\/meditentramis.net\/index.php\/wp-json\/wp\/v2\/types\/page"}],"author":[{"embeddable":true,"href":"https:\/\/meditentramis.net\/index.php\/wp-json\/wp\/v2\/users\/1"}],"replies":[{"embeddable":true,"href":"https:\/\/meditentramis.net\/index.php\/wp-json\/wp\/v2\/comments?post=3837"}],"version-history":[{"count":16,"href":"https:\/\/meditentramis.net\/index.php\/wp-json\/wp\/v2\/pages\/3837\/revisions"}],"predecessor-version":[{"id":3928,"href":"https:\/\/meditentramis.net\/index.php\/wp-json\/wp\/v2\/pages\/3837\/revisions\/3928"}],"wp:attachment":[{"href":"https:\/\/meditentramis.net\/index.php\/wp-json\/wp\/v2\/media?parent=3837"}],"curies":[{"name":"wp","href":"https:\/\/api.w.org\/{rel}","templated":true}]}}