{"id":521,"date":"2019-11-04T15:55:28","date_gmt":"2019-11-04T14:55:28","guid":{"rendered":"http:\/\/meditentramis.net\/?page_id=521"},"modified":"2021-10-29T11:38:39","modified_gmt":"2021-10-29T09:38:39","slug":"sejour-pleine-presence-en-bretagne-a-ty-an-avel","status":"publish","type":"page","link":"https:\/\/meditentramis.net\/index.php\/sejour-pleine-presence-en-bretagne-a-ty-an-avel\/","title":{"rendered":"S\u00e9jour r\u00e9sidentiel chez Pascal \u00e0 Ty An Avel (La maison du vent)"},"content":{"rendered":"<p class=\"p1\" style=\"padding-left: 40px;\"><span class=\"s1\"><img loading=\"lazy\" decoding=\"async\" class=\"size-medium wp-image-1051 aligncenter\" src=\"http:\/\/meditentramis.net\/wp-content\/uploads\/2020\/02\/10937F38-7568-4676-AE71-269047CCDFE3-300x225.jpeg\" alt=\"\" width=\"300\" height=\"225\" srcset=\"https:\/\/meditentramis.net\/wp-content\/uploads\/2020\/02\/10937F38-7568-4676-AE71-269047CCDFE3-300x225.jpeg 300w, https:\/\/meditentramis.net\/wp-content\/uploads\/2020\/02\/10937F38-7568-4676-AE71-269047CCDFE3.jpeg 640w\" sizes=\"(max-width: 300px) 85vw, 300px\" \/>\u00a0<\/span><\/p>\n<p class=\"p1\" style=\"padding-left: 40px;\"><span class=\"s1\"><img loading=\"lazy\" decoding=\"async\" class=\"alignnone wp-image-739 size-full\" src=\"http:\/\/meditentramis.net\/wp-content\/uploads\/2019\/12\/4C961360-2273-4F4C-8858-244E7A21F1CA.jpeg\" alt=\"\" width=\"640\" height=\"258\" srcset=\"https:\/\/meditentramis.net\/wp-content\/uploads\/2019\/12\/4C961360-2273-4F4C-8858-244E7A21F1CA.jpeg 640w, https:\/\/meditentramis.net\/wp-content\/uploads\/2019\/12\/4C961360-2273-4F4C-8858-244E7A21F1CA-300x121.jpeg 300w\" sizes=\"(max-width: 640px) 85vw, 640px\" \/><\/span><\/p>\n<p class=\"p1\"><span class=\"s1\">Ty An Avel, la petite maison aux volets bleus, pos\u00e9e sur la lande face au grand large de l\u2019oc\u00e9an dans la baie d\u2019Audierne, son immense plage.<\/span><\/p>\n<p><img loading=\"lazy\" decoding=\"async\" class=\"size-medium wp-image-1053 aligncenter\" src=\"http:\/\/meditentramis.net\/wp-content\/uploads\/2020\/02\/BB6919F6-598F-4A89-8951-D1F6DB1516A6-300x169.jpeg\" alt=\"\" width=\"300\" height=\"169\" srcset=\"https:\/\/meditentramis.net\/wp-content\/uploads\/2020\/02\/BB6919F6-598F-4A89-8951-D1F6DB1516A6-300x169.jpeg 300w, https:\/\/meditentramis.net\/wp-content\/uploads\/2020\/02\/BB6919F6-598F-4A89-8951-D1F6DB1516A6.jpeg 640w\" sizes=\"(max-width: 300px) 85vw, 300px\" \/><\/p>\n<p class=\"p1\"><span class=\"s1\">Un lieu de respiration, charg\u00e9 d\u2019\u00e9nergie. <\/span><\/p>\n<p class=\"p1\"><span class=\"s1\">Une maison chaleureuse, en harmonie avec la nature brute. <\/span><\/p>\n<p class=\"p1\"><span class=\"s1\">Pratiquer la m\u00e9ditation, vivre en pleine pr\u00e9sence, se ressourcer dans le \u00ab\u00a0noble silence\u00a0\u00bb. <\/span><\/p>\n<p class=\"p1\"><span class=\"s1\">Prendre soin de son corps et de son esprit \u00e0 travers le yoga, les massages, la marche, voire les bains de mer. <\/span><\/p>\n<p class=\"p1\"><span class=\"s1\">Adopter un rythme quotidien de moments partag\u00e9s,<span class=\"Apple-converted-space\">\u00a0 <\/span>de temps libres et de t\u00e2ches communautaires.<\/span><\/p>\n<p class=\"p1\"><span class=\"s1\">D\u00e9velopper l\u2019\u00e9coute, la bienveillance, la gentillesse et l\u2019acceptation sereine. <\/span><\/p>\n<p class=\"p1\"><span class=\"s1\">Ne pas oublier le plaisir de vivre en pleine conscience de ses cinq sens, d\u2019\u00eatre ensemble et de communier la joie. <\/span><\/p>\n<p class=\"p1\"><span class=\"s1\"><span style=\"color: #ff0000;\">Concr\u00e8tement\u00a0<\/span><\/span><\/p>\n<p class=\"p1\"><span class=\"s1\">Dans le cadre de l&#8217;association Medit&#8217;Entr&#8217;Amis, nous accueillons quiconque souhaite se ressourcer quelques jours \u00e0 travers ce programme. <\/span><\/p>\n<p class=\"p1\"><span class=\"s1\">Nous venons vous chercher \u00e0 la gare de Quimper. Les seuls frais de s\u00e9jour sont ceux li\u00e9s aux repas que chacun prend en charge \u00e0 tour de r\u00f4le. <\/span><\/p>\n<p class=\"p1\"><span class=\"s1\">L\u2019accueil se fait sur la base d\u2019\u00e9changes pr\u00e9alables afin de s\u2019assurer que nous sommes dans le m\u00eame \u00e9tat d\u2019esprit.<\/span><\/p>\n<p class=\"p1\"><span class=\"s1\"><span style=\"color: #ff0000;\">Pourquoi cette offre ?\u00a0<\/span><\/span><\/p>\n<p class=\"p1\"><span class=\"s1\">Parce que la pl\u00e9nitude d\u2019un lieu comme Ty An Avel appelle irr\u00e9sistiblement \u00e0 accueillir. <\/span><\/p>\n<p class=\"p1\"><span class=\"s1\">Parce que nous avons dans l&#8217;association Medit&#8217;Entr&#8217;Amis le projet de nous enrichir de rencontres avec des personnes qui cherchent \u00e0 d\u00e9velopper leur qualit\u00e9 d\u2019\u00eatre et partager leur d\u00e9marche, ind\u00e9pendamment de toute religion<span class=\"Apple-converted-space\">\u00a0 <\/span>ou croyance. <\/span><\/p>\n<p class=\"p1\"><span style=\"color: #ff0000;\"><span style=\"caret-color: #ff0000;\">Des questions ? De l\u2019int\u00e9r\u00eat ?<\/span><\/span><\/p>\n<p class=\"p1\"><span class=\"s1\">\u00c9crivez \u00e0 pascal@meditentramis.net<\/span><\/p>\n","protected":false},"excerpt":{"rendered":"<p>\u00a0 Ty An Avel, la petite maison aux volets bleus, pos\u00e9e sur la lande face au grand large de l\u2019oc\u00e9an dans la baie d\u2019Audierne, son immense plage. Un lieu de respiration, charg\u00e9 d\u2019\u00e9nergie. Une maison chaleureuse, en harmonie avec la nature brute. Pratiquer la m\u00e9ditation, vivre en pleine pr\u00e9sence, se ressourcer dans le \u00ab\u00a0noble silence\u00a0\u00bb. &hellip; <a href=\"https:\/\/meditentramis.net\/index.php\/sejour-pleine-presence-en-bretagne-a-ty-an-avel\/\" class=\"more-link\">Continue reading<span class=\"screen-reader-text\"> &#8220;S\u00e9jour r\u00e9sidentiel chez Pascal \u00e0 Ty An Avel (La maison du vent)&#8221;<\/span><\/a><\/p>\n","protected":false},"author":2,"featured_media":0,"parent":0,"menu_order":0,"comment_status":"closed","ping_status":"closed","template":"","meta":{"footnotes":""},"_links":{"self":[{"href":"https:\/\/meditentramis.net\/index.php\/wp-json\/wp\/v2\/pages\/521"}],"collection":[{"href":"https:\/\/meditentramis.net\/index.php\/wp-json\/wp\/v2\/pages"}],"about":[{"href":"https:\/\/meditentramis.net\/index.php\/wp-json\/wp\/v2\/types\/page"}],"author":[{"embeddable":true,"href":"https:\/\/meditentramis.net\/index.php\/wp-json\/wp\/v2\/users\/2"}],"replies":[{"embeddable":true,"href":"https:\/\/meditentramis.net\/index.php\/wp-json\/wp\/v2\/comments?post=521"}],"version-history":[{"count":13,"href":"https:\/\/meditentramis.net\/index.php\/wp-json\/wp\/v2\/pages\/521\/revisions"}],"predecessor-version":[{"id":2829,"href":"https:\/\/meditentramis.net\/index.php\/wp-json\/wp\/v2\/pages\/521\/revisions\/2829"}],"wp:attachment":[{"href":"https:\/\/meditentramis.net\/index.php\/wp-json\/wp\/v2\/media?parent=521"}],"curies":[{"name":"wp","href":"https:\/\/api.w.org\/{rel}","templated":true}]}}