{"id":550,"date":"2019-11-16T16:07:04","date_gmt":"2019-11-16T15:07:04","guid":{"rendered":"http:\/\/meditentramis.net\/?page_id=550"},"modified":"2024-09-12T14:44:43","modified_gmt":"2024-09-12T12:44:43","slug":"ssmcy","status":"publish","type":"page","link":"https:\/\/meditentramis.net\/index.php\/ssmcy\/","title":{"rendered":"S\u00e9ances m\u00e9ditation et convivialit\u00e9"},"content":{"rendered":"<p><img loading=\"lazy\" decoding=\"async\" class=\"alignnone wp-image-2557 size-large\" src=\"https:\/\/meditentramis.net\/wp-content\/uploads\/2021\/08\/IMG-20210805-WA0018-1024x576.jpg\" alt=\"\" width=\"840\" height=\"473\" srcset=\"https:\/\/meditentramis.net\/wp-content\/uploads\/2021\/08\/IMG-20210805-WA0018-1024x576.jpg 1024w, https:\/\/meditentramis.net\/wp-content\/uploads\/2021\/08\/IMG-20210805-WA0018-300x169.jpg 300w, https:\/\/meditentramis.net\/wp-content\/uploads\/2021\/08\/IMG-20210805-WA0018-768x432.jpg 768w, https:\/\/meditentramis.net\/wp-content\/uploads\/2021\/08\/IMG-20210805-WA0018-1536x864.jpg 1536w, https:\/\/meditentramis.net\/wp-content\/uploads\/2021\/08\/IMG-20210805-WA0018-1200x675.jpg 1200w, https:\/\/meditentramis.net\/wp-content\/uploads\/2021\/08\/IMG-20210805-WA0018-1320x742.jpg 1320w, https:\/\/meditentramis.net\/wp-content\/uploads\/2021\/08\/IMG-20210805-WA0018.jpg 1599w\" sizes=\"(max-width: 709px) 85vw, (max-width: 909px) 67vw, (max-width: 1362px) 62vw, 840px\" \/><\/p>\n<p>Les s\u00e9ances &#8220;m\u00e9ditation et convivialit\u00e9&#8221; constituent une des activit\u00e9s propos\u00e9es dans le cadre du projet <a href=\"https:\/\/meditentramis.net\/\">Medit&#8217;Entr&#8217;Amis<\/a>. <br \/>Ces s\u00e9ances s&#8217;adressent \u00e0 des personnes pratiquant la m\u00e9ditation de pleine conscience ou souhaitant la d\u00e9couvrir.\u00a0 Vous trouverez sur la page d&#8217;accueil de ce site <a href=\"https:\/\/meditentramis.net\">les dates des prochaines s\u00e9ances<\/a>.<\/p>\n<p><span style=\"color: #ff0000;\"><strong>De quelle type de\u00a0 m\u00e9ditation parlons nous ici ?<\/strong><\/span><br \/>Le type de m\u00e9ditation concern\u00e9 ici est la <a href=\"https:\/\/meditentramis.net\/index.php\/meditation-en-pleine-conscience\/\">m\u00e9ditation de pleine conscience<\/a> (mindfulness). C\u2019est une pratique 100% la\u00efque qui consiste \u00e0 se focaliser sur l\u2019instant pr\u00e9sent, sur ses sensations internes et perceptions. La m\u00e9ditation de pleine conscience se pratique le plus souvent en position <strong>assise et en silence<\/strong> en \u00e9tant assis sur un coussin ou sur une chaise. <strong><span class=\"tlid-translation translation\" lang=\"fr\"><span class=\"\" title=\"\"><br \/><\/span><\/span><\/strong><\/p>\n<p><span style=\"color: #ff0000;\"><strong>Je n\u2019ai jamais fait de m\u00e9ditation, puis-je venir \u00e0 une s\u00e9ance ?<br \/><\/strong><span style=\"color: #000000;\">Oui, certaines m\u00e9ditations pourront \u00eatre guid\u00e9es pour nous aider dans notre apprentissage. <br \/><\/span><\/span><\/p>\n<p><span style=\"color: #ff0000;\"><strong>Comment se d\u00e9roulent ces s\u00e9ances ?<\/strong><\/span><\/p>\n<p><strong>Au d\u00e9but de la s\u00e9ance<\/strong>, on fait connaissance en pr\u00e9parant, selon le moment de la journ\u00e9e, le repas\u00a0 ou le gouter ou le dessert que l&#8217;on prendra ensemble apr\u00e8s la m\u00e9ditation.\u00a0 <em>Les repas sont simples et v\u00e9g\u00e9tariens (soupe le soir et plat le midi suivis de fromage et dessert). Pour les gouters et les soir\u00e9es, ce peut \u00eatre du th\u00e9 ou une tisane avec un g\u00e2teau.\u00a0 Si vous souhaitez apporter quelque chose, merci de me le dire.<\/em><\/p>\n<p>Ensuite, on fait une m\u00e9ditation assise de 10 \u00e0 20&#8242; suivie d&#8217;une pause ou d&#8217;une m\u00e9ditation march\u00e9e puis d&#8217;une m\u00e9ditation assise de 30&#8242; \u00e0 40&#8242;. La premi\u00e8re m\u00e9ditation assise est souvent une m\u00e9ditation guid\u00e9e. Les personnes d\u00e9butantes peuvent \u00e9courter la deuxi\u00e8me m\u00e9ditation assise. Nous en parlerons ensemble.<\/p>\n<p>Nous poursuivons par un moment de convivialit\u00e9 en mangeant ensemble. Puis on fait la vaisselle \ud83d\ude42 et le gong de fin de s\u00e9ance retentit \ud83d\ude42<span id=\"questionsPratiques\"><\/span><\/p>\n<p><span style=\"color: #ff0000;\"><strong>Que faut-il apporter ?<br \/><\/strong><\/span>Nous vous remercions d&#8217;apporter un zafu ou un coussin ferme pour la m\u00e9ditation assise. Vous pouvez \u00e9galement apporter un plaid pour vous couvrir.<br \/>Il est pr\u00e9f\u00e9rable d\u2019\u00e9viter les pantalons serr\u00e9s (vous pouvez vous changer sur place).<\/p>\n<p><strong><span style=\"color: #ff0000;\">Est-ce gratuit ?<\/span><br \/><\/strong>oui.<br \/>Chacun peut contribuer en apportant de quoi pr\u00e9parer le repas (d\u00e9jeuners ou d\u00eeners), la tisane et un dessert (gouter et soir\u00e9es). Si vous souhaitez contribuer en apportant quelque chose, <strong>n&#8217;oubliez pas de le dire la veille de pr\u00e9f\u00e9rence.<\/strong><\/p>\n<p><strong><span class=\"has-inline-color has-bright-red-color\" style=\"color: #ff0000;\" data-rich-text-format-boundary=\"true\">Comment s&#8217;inscrire pour venir \u00e0 une s\u00e9ance ?<\/span><br data-rich-text-line-break=\"true\" \/><\/strong>Si vous envisagez de venir \u00e0 une s\u00e9ance, ou si vous souhaitez des informations compl\u00e9mentaires, <strong><a href=\"https:\/\/meditentramis.net\/index.php\/contacter\/\">contactez nous<\/a>.<\/strong><\/p>\n\n\n<p><strong><span class=\"has-inline-color has-bright-red-color\"><\/span><\/strong><\/p>\n","protected":false},"excerpt":{"rendered":"<p>Les s\u00e9ances &#8220;m\u00e9ditation et convivialit\u00e9&#8221; constituent une des activit\u00e9s propos\u00e9es dans le cadre du projet Medit&#8217;Entr&#8217;Amis. Ces s\u00e9ances s&#8217;adressent \u00e0 des personnes pratiquant la m\u00e9ditation de pleine conscience ou souhaitant la d\u00e9couvrir.\u00a0 Vous trouverez sur la page d&#8217;accueil de ce site les dates des prochaines s\u00e9ances. De quelle type de\u00a0 m\u00e9ditation parlons nous ici ?Le &hellip; <a href=\"https:\/\/meditentramis.net\/index.php\/ssmcy\/\" class=\"more-link\">Continue reading<span class=\"screen-reader-text\"> &#8220;S\u00e9ances m\u00e9ditation et convivialit\u00e9&#8221;<\/span><\/a><\/p>\n","protected":false},"author":1,"featured_media":0,"parent":0,"menu_order":0,"comment_status":"closed","ping_status":"closed","template":"","meta":{"footnotes":""},"_links":{"self":[{"href":"https:\/\/meditentramis.net\/index.php\/wp-json\/wp\/v2\/pages\/550"}],"collection":[{"href":"https:\/\/meditentramis.net\/index.php\/wp-json\/wp\/v2\/pages"}],"about":[{"href":"https:\/\/meditentramis.net\/index.php\/wp-json\/wp\/v2\/types\/page"}],"author":[{"embeddable":true,"href":"https:\/\/meditentramis.net\/index.php\/wp-json\/wp\/v2\/users\/1"}],"replies":[{"embeddable":true,"href":"https:\/\/meditentramis.net\/index.php\/wp-json\/wp\/v2\/comments?post=550"}],"version-history":[{"count":39,"href":"https:\/\/meditentramis.net\/index.php\/wp-json\/wp\/v2\/pages\/550\/revisions"}],"predecessor-version":[{"id":3771,"href":"https:\/\/meditentramis.net\/index.php\/wp-json\/wp\/v2\/pages\/550\/revisions\/3771"}],"wp:attachment":[{"href":"https:\/\/meditentramis.net\/index.php\/wp-json\/wp\/v2\/media?parent=550"}],"curies":[{"name":"wp","href":"https:\/\/api.w.org\/{rel}","templated":true}]}}