{"id":673,"date":"2019-11-30T12:16:52","date_gmt":"2019-11-30T11:16:52","guid":{"rendered":"http:\/\/meditentramis.net\/?page_id=673"},"modified":"2026-03-05T19:37:09","modified_gmt":"2026-03-05T18:37:09","slug":"planning-mediter-entre-amis-en-bretagne","status":"publish","type":"page","link":"https:\/\/meditentramis.net\/","title":{"rendered":"Le planning Medit&#8217;Entr&#8217;Amis"},"content":{"rendered":"\n<p class=\"has-small-font-size\">Pour avoir des informations sur les diff\u00e9rentes activit\u00e9s propos\u00e9es par l&#8217;association, c&#8217;est <a href=\"https:\/\/meditentramis.net\/index.php\/activites\" data-type=\"page\" data-id=\"3837\">ici<\/a> .<\/p>\n\n\n\n<figure class=\"wp-block-table is-style-stripes\"><table><tbody><tr><td class=\"has-text-align-left\" data-align=\"left\"><strong><mark style=\"background-color:rgba(0, 0, 0, 0)\" class=\"has-inline-color has-bright-red-color\">Jeudi 2 avril 2026<\/mark><\/strong><\/td><\/tr><tr><td class=\"has-text-align-left\" data-align=\"left\"><strong>soir\u00e9e m\u00e9ditation et convivialit\u00e9 dans les locaux de l&#8217;association Flux<br><\/strong>le jeudi 2 avril 2026 de 19H00 \u00e0 21H30 \u00e0 Quimper (29)<br><a href=\"https:\/\/meditentramis.net\/index.php\/soiree-meditation-a-flux-quimper\/\">Information sur les soir\u00e9es &#8220;m\u00e9ditation et convivialit\u00e9&#8221; \u00e0 Flux<\/a><br><a href=\"https:\/\/framaforms.org\/inscription-a-une-soiree-meditation-1726164708\">Formulaire d&#8217;inscription \u00e0 la soir\u00e9e<\/a><\/td><\/tr><tr><td class=\"has-text-align-left\" data-align=\"left\"><strong><mark style=\"background-color:rgba(0, 0, 0, 0)\" class=\"has-inline-color has-bright-red-color\">Mercredi 6 mai  2026<\/mark><\/strong><\/td><\/tr><tr><td class=\"has-text-align-left\" data-align=\"left\"><strong>soir\u00e9e m\u00e9ditation et convivialit\u00e9 dans les locaux de l&#8217;association Flux<br><\/strong>le mercredi 6 mai 2026 de 20H00 \u00e0 22H \u00e0 Quimper (29)<br><a href=\"https:\/\/meditentramis.net\/index.php\/soiree-meditation-a-flux-quimper\/\">Information sur les soir\u00e9es &#8220;m\u00e9ditation et convivialit\u00e9&#8221; \u00e0 Flux<\/a><br>Inscriptions ouvertes environ 1 mois avant<\/td><\/tr><tr><td class=\"has-text-align-left\" data-align=\"left\"><strong><mark style=\"background-color:rgba(0, 0, 0, 0)\" class=\"has-inline-color has-bright-red-color\">Jeudi 4 juin 2026<\/mark><\/strong><\/td><\/tr><tr><td class=\"has-text-align-left\" data-align=\"left\"><strong>soir\u00e9e m\u00e9ditation et convivialit\u00e9 dans les locaux de l&#8217;association Flux<br><\/strong>le jeudi 4 juin 2026 de 19H00 \u00e0 21H30 \u00e0 Quimper (29)<br><a href=\"https:\/\/meditentramis.net\/index.php\/soiree-meditation-a-flux-quimper\/\">Information sur les soir\u00e9es &#8220;m\u00e9ditation et convivialit\u00e9&#8221; \u00e0 Flux<\/a><br>Inscriptions ouvertes environ 1 mois avant<\/td><\/tr><tr><td class=\"has-text-align-left\" data-align=\"left\"><strong><mark style=\"background-color:rgba(0, 0, 0, 0)\" class=\"has-inline-color has-bright-red-color\">Mercredi 1 juillet  2026<\/mark><\/strong><\/td><\/tr><tr><td class=\"has-text-align-left\" data-align=\"left\"><strong>soir\u00e9e m\u00e9ditation et convivialit\u00e9 dans les locaux de l&#8217;association Flux<br><\/strong>le mercredi 1 juillet 2026 de 20H00 \u00e0 22H \u00e0 Quimper (29)<br><a href=\"https:\/\/meditentramis.net\/index.php\/soiree-meditation-a-flux-quimper\/\">Information sur les soir\u00e9es &#8220;m\u00e9ditation et convivialit\u00e9&#8221; \u00e0 Flux<\/a><br>Inscriptions ouvertes environ 1 mois avant<\/td><\/tr><tr><td class=\"has-text-align-left\" data-align=\"left\"><strong><mark style=\"background-color:rgba(0, 0, 0, 0)\" class=\"has-inline-color has-bright-red-color\">8-10 novembre 2026<\/mark><\/strong><mark style=\"background-color:rgba(0, 0, 0, 0)\" class=\"has-inline-color has-bright-red-color\"><strong> SEJOUR ANNUEL<\/strong><\/mark><\/td><\/tr><tr><td class=\"has-text-align-left\" data-align=\"left\">Du dimanche 8 novembre 2026 18H au mardi 10 novembre 2026 17H : <strong>s\u00e9jour annuel de l&#8217;association<\/strong> \u00e0 Saint Cadou (29)<br>Inscriptions ouvertes \u00e0 partir du 1er juin<\/td><\/tr><tr><td class=\"has-text-align-left\" data-align=\"left\"><\/td><\/tr><tr><td class=\"has-text-align-left\" data-align=\"left\"><\/td><\/tr><tr><td class=\"has-text-align-left\" data-align=\"left\"><\/td><\/tr><tr><td class=\"has-text-align-left\" data-align=\"left\"><strong>Activit\u00e9s ayant eu lieu r\u00e9cemment<\/strong><\/td><\/tr><tr><td class=\"has-text-align-left\" data-align=\"left\"><strong><mark style=\"background-color:rgba(0, 0, 0, 0)\" class=\"has-inline-color has-medium-gray-color\">Mercredi 4 mars  2026<\/mark><\/strong><\/td><\/tr><tr><td class=\"has-text-align-left\" data-align=\"left\"><strong>soir\u00e9e m\u00e9ditation et convivialit\u00e9 dans les locaux de l&#8217;association Flux<br><\/strong>le mercredi 4 mars 2026 de <strong><mark style=\"background-color:rgba(0, 0, 0, 0)\" class=\"has-inline-color has-bright-red-color\">20H00<\/mark><\/strong> \u00e0 22H \u00e0 Quimper (29)<\/td><\/tr><tr><td class=\"has-text-align-left\" data-align=\"left\"><strong><mark style=\"background-color:rgba(0, 0, 0, 0)\" class=\"has-inline-color has-dark-gray-color\">Jeudi 5 f\u00e9vrier 2026<\/mark><\/strong><\/td><\/tr><tr><td class=\"has-text-align-left\" data-align=\"left\"><strong>soir\u00e9e m\u00e9ditation et convivialit\u00e9 dans les locaux de l&#8217;association Flux<br><\/strong>le jeudi 5 f\u00e9vrier 2026 de 19H00 \u00e0 21H30 \u00e0 Quimper (29)<\/td><\/tr><tr><td class=\"has-text-align-left\" data-align=\"left\"><strong><mark style=\"background-color:rgba(0, 0, 0, 0)\" class=\"has-inline-color has-dark-gray-color\">jeudi 11 d\u00e9cembre 2025<\/mark><\/strong><\/td><\/tr><tr><td class=\"has-text-align-left\" data-align=\"left\"><strong>soir\u00e9e m\u00e9ditation et convivialit\u00e9 dans les locaux de l&#8217;association Flux<br><\/strong>le jeudi 11 d\u00e9cembre de 19H00 \u00e0 21H30 \u00e0 Quimper (29) <\/td><\/tr><tr><td class=\"has-text-align-left\" data-align=\"left\"><strong><mark style=\"background-color:rgba(0, 0, 0, 0)\" class=\"has-inline-color has-dark-gray-color\">du 9 au 11 novembre 2025<\/mark><\/strong><\/td><\/tr><tr><td class=\"has-text-align-left\" data-align=\"left\">Du dimanche 9 novembre 2025 18H au mardi 11 novembre 2025 17H : <strong>s\u00e9jour annuel de l&#8217;association<\/strong><\/td><\/tr><tr><td class=\"has-text-align-left\" data-align=\"left\"><\/td><\/tr><tr><td class=\"has-text-align-left\" data-align=\"left\"><\/td><\/tr><\/tbody><\/table><\/figure>\n\n\n\n<p><\/p>\n","protected":false},"excerpt":{"rendered":"<p>Pour avoir des informations sur les diff\u00e9rentes activit\u00e9s propos\u00e9es par l&#8217;association, c&#8217;est ici . Jeudi 2 avril 2026 soir\u00e9e m\u00e9ditation et convivialit\u00e9 dans les locaux de l&#8217;association Fluxle jeudi 2 avril 2026 de 19H00 \u00e0 21H30 \u00e0 Quimper (29)Information sur les soir\u00e9es &#8220;m\u00e9ditation et convivialit\u00e9&#8221; \u00e0 FluxFormulaire d&#8217;inscription \u00e0 la soir\u00e9e Mercredi 6 mai 2026 &hellip; <a href=\"https:\/\/meditentramis.net\/\" class=\"more-link\">Continue reading<span class=\"screen-reader-text\"> &#8220;Le planning Medit&#8217;Entr&#8217;Amis&#8221;<\/span><\/a><\/p>\n","protected":false},"author":1,"featured_media":0,"parent":0,"menu_order":0,"comment_status":"closed","ping_status":"closed","template":"","meta":{"footnotes":""},"_links":{"self":[{"href":"https:\/\/meditentramis.net\/index.php\/wp-json\/wp\/v2\/pages\/673"}],"collection":[{"href":"https:\/\/meditentramis.net\/index.php\/wp-json\/wp\/v2\/pages"}],"about":[{"href":"https:\/\/meditentramis.net\/index.php\/wp-json\/wp\/v2\/types\/page"}],"author":[{"embeddable":true,"href":"https:\/\/meditentramis.net\/index.php\/wp-json\/wp\/v2\/users\/1"}],"replies":[{"embeddable":true,"href":"https:\/\/meditentramis.net\/index.php\/wp-json\/wp\/v2\/comments?post=673"}],"version-history":[{"count":721,"href":"https:\/\/meditentramis.net\/index.php\/wp-json\/wp\/v2\/pages\/673\/revisions"}],"predecessor-version":[{"id":3910,"href":"https:\/\/meditentramis.net\/index.php\/wp-json\/wp\/v2\/pages\/673\/revisions\/3910"}],"wp:attachment":[{"href":"https:\/\/meditentramis.net\/index.php\/wp-json\/wp\/v2\/media?parent=673"}],"curies":[{"name":"wp","href":"https:\/\/api.w.org\/{rel}","templated":true}]}}