{"id":7,"date":"2017-12-22T08:24:47","date_gmt":"2017-12-22T07:24:47","guid":{"rendered":"http:\/\/meditentramis.net\/?page_id=7"},"modified":"2025-12-22T19:30:39","modified_gmt":"2025-12-22T18:30:39","slug":"activites","status":"publish","type":"page","link":"https:\/\/meditentramis.net\/index.php\/activites\/","title":{"rendered":"Les activit\u00e9s de l&#8217;association"},"content":{"rendered":"\n<p><\/p>\n\n\n\n<div class=\"wp-block-media-text alignwide is-stacked-on-mobile has-background\" style=\"background-color:#dfe7d7;grid-template-columns:47% auto\"><figure class=\"wp-block-media-text__media\"><a href=\"https:\/\/meditentramis.net\/index.php\/photosejour31juillet2021\/img-20210805-wa0031\/\"><img loading=\"lazy\" decoding=\"async\" width=\"1024\" height=\"576\" src=\"https:\/\/meditentramis.net\/wp-content\/uploads\/2021\/08\/IMG-20210805-WA0031-1024x576.jpg\" alt=\"\" class=\"wp-image-2565 size-full\" srcset=\"https:\/\/meditentramis.net\/wp-content\/uploads\/2021\/08\/IMG-20210805-WA0031-1024x576.jpg 1024w, https:\/\/meditentramis.net\/wp-content\/uploads\/2021\/08\/IMG-20210805-WA0031-300x169.jpg 300w, https:\/\/meditentramis.net\/wp-content\/uploads\/2021\/08\/IMG-20210805-WA0031-768x432.jpg 768w, https:\/\/meditentramis.net\/wp-content\/uploads\/2021\/08\/IMG-20210805-WA0031-1536x864.jpg 1536w, https:\/\/meditentramis.net\/wp-content\/uploads\/2021\/08\/IMG-20210805-WA0031-1200x675.jpg 1200w, https:\/\/meditentramis.net\/wp-content\/uploads\/2021\/08\/IMG-20210805-WA0031-1320x742.jpg 1320w, https:\/\/meditentramis.net\/wp-content\/uploads\/2021\/08\/IMG-20210805-WA0031.jpg 1599w\" sizes=\"(max-width: 709px) 85vw, (max-width: 909px) 67vw, (max-width: 1362px) 62vw, 840px\" \/><\/a><\/figure><div class=\"wp-block-media-text__content\">\n<p><br>Nos activit\u00e9s ont lieu en Bretagne dans le Finist\u00e8re sud sur des lieux proches de Quimper.<\/p>\n\n\n\n<p>Medit\u2019Entr\u2019Amis est une association sans but lucratif qui a pour objectif de proposer des activit\u00e9s et s\u00e9jours portant sur la <a href=\"https:\/\/meditentramis.net\/index.php\/meditation-en-pleine-conscience\/\" data-type=\"page\" data-id=\"1433\">m\u00e9ditation en pleine conscience<\/a> et sur la vie en pleine pr\u00e9sence dans une vision et une pratique la\u00efques et non sectaires. <a href=\"https:\/\/meditentramis.net\/index.php\/association-meditentramis\/\" data-type=\"page\" data-id=\"2705\">en savoir plus<\/a><br><\/p>\n<\/div><\/div>\n\n\n\n<h2 class=\"wp-block-heading has-background\" style=\"background-color:#d4f0b8\">S\u00e9ances m\u00e9ditation et convivialit\u00e9<\/h2>\n\n\n\n<div class=\"wp-block-media-text alignwide is-stacked-on-mobile has-background\" style=\"background-color:#d4f0b8;grid-template-columns:43% auto\"><figure class=\"wp-block-media-text__media\"><a href=\"https:\/\/meditentramis.net\/index.php\/photosejour31juillet2021\/img_1663\/\"><img loading=\"lazy\" decoding=\"async\" width=\"365\" height=\"274\" src=\"https:\/\/meditentramis.net\/wp-content\/uploads\/2021\/08\/IMG_1663.jpg\" alt=\"\" class=\"wp-image-2614 size-full\" srcset=\"https:\/\/meditentramis.net\/wp-content\/uploads\/2021\/08\/IMG_1663.jpg 365w, https:\/\/meditentramis.net\/wp-content\/uploads\/2021\/08\/IMG_1663-300x225.jpg 300w\" sizes=\"(max-width: 365px) 85vw, 365px\" \/><\/a><\/figure><div class=\"wp-block-media-text__content\">\n<p><strong>L&#8217;objectif est de m\u00e9diter ensemble dans un cadre convivial<\/strong>. Ces s\u00e9ances ont lieu le midi, l&#8217;apr\u00e8s midi ou en soir\u00e9e. Les d\u00e9butants sont les bienvenus. Nous pr\u00e9parons ensemble le repas ou le gouter, nous m\u00e9ditons ensemble puis nous partageons ensemble le repas pr\u00e9par\u00e9.<\/p>\n\n\n\n<p class=\"has-small-font-size\"><a href=\"https:\/\/meditentramis.net\/index.php\/ssmcy\/\" data-type=\"page\" data-id=\"550\">En savoir plus sur ces s\u00e9ances<\/a><br><a href=\"https:\/\/meditentramis.net\/index.php\/planning-mediter-entre-amis-en-bretagne\/\">Consulter les dates des prochaines s\u00e9ances<\/a><br><br><\/p>\n<\/div><\/div>\n\n\n\n<h2 class=\"wp-block-heading has-background\" style=\"background-color:#d4f0b8\">S\u00e9jours m\u00e9ditation et pleine pr\u00e9sence<\/h2>\n\n\n\n<div class=\"wp-block-media-text alignwide is-stacked-on-mobile has-background\" style=\"background-color:#d4f0b8;grid-template-columns:46% auto\"><figure class=\"wp-block-media-text__media\"><a href=\"https:\/\/meditentramis.net\/14-meditants\/\"><img loading=\"lazy\" decoding=\"async\" width=\"1024\" height=\"576\" src=\"https:\/\/meditentramis.net\/wp-content\/uploads\/2021\/11\/14-Meditants.jpg\" alt=\"\" class=\"wp-image-3014 size-full\" srcset=\"https:\/\/meditentramis.net\/wp-content\/uploads\/2021\/11\/14-Meditants.jpg 1024w, https:\/\/meditentramis.net\/wp-content\/uploads\/2021\/11\/14-Meditants-300x169.jpg 300w, https:\/\/meditentramis.net\/wp-content\/uploads\/2021\/11\/14-Meditants-768x432.jpg 768w\" sizes=\"(max-width: 709px) 85vw, (max-width: 909px) 67vw, (max-width: 1362px) 62vw, 840px\" \/><\/a><\/figure><div class=\"wp-block-media-text__content\">\n<p class=\"has-background has-small-font-size\" style=\"background-color:#d4f0b8\">Lors de ces weekends et s\u00e9jours, nous nous retrouvons pour 2 ou plusieurs jours de vie communautaire pendant lesquels nous pratiquons la m\u00e9ditation et essayons de vivre le moment pr\u00e9sent dans les diff\u00e9rentes activit\u00e9s de la journ\u00e9e (pr\u00e9paration des repas, vaisselle, balades, yoga ou ki gong &#8230;)<br><a href=\"https:\/\/meditentramis.net\/index.php\/sejour-meditation-pleine-presence-bretagne\/\" data-type=\"page\" data-id=\"437\">En savoir plus sur ces s\u00e9jours<\/a><a href=\"https:\/\/meditentramis.net\/index.php\/planning-mediter-entre-amis-en-bretagne\/\"><br>Consulter les dates<\/a><\/p>\n<\/div><\/div>\n\n\n\n<h2 class=\"wp-block-heading has-background\" style=\"background-color:#d4f0b8\">S\u00e9jours M\u00e9ditation en silence<\/h2>\n\n\n\n<div class=\"wp-block-media-text alignwide is-stacked-on-mobile is-vertically-aligned-center has-background\" style=\"background-color:#d4f0b8;grid-template-columns:40% auto\"><figure class=\"wp-block-media-text__media\"><a href=\"https:\/\/meditentramis.net\/img-20210805-wa0031r\/\"><img loading=\"lazy\" decoding=\"async\" width=\"560\" height=\"315\" src=\"https:\/\/meditentramis.net\/wp-content\/uploads\/2021\/08\/IMG-20210805-WA0031R.jpg\" alt=\"\" class=\"wp-image-2541 size-full\" srcset=\"https:\/\/meditentramis.net\/wp-content\/uploads\/2021\/08\/IMG-20210805-WA0031R.jpg 560w, https:\/\/meditentramis.net\/wp-content\/uploads\/2021\/08\/IMG-20210805-WA0031R-300x169.jpg 300w\" sizes=\"(max-width: 560px) 85vw, 560px\" \/><\/a><\/figure><div class=\"wp-block-media-text__content\">\n<p class=\"has-small-font-size\">Ces s\u00e9jours de 2 ou plusieurs jours ont lieu en silence et sont consacr\u00e9s \u00e0 la m\u00e9ditation et \u00e0 la vie communautaire. Ils sont r\u00e9serv\u00e9s aux personnes ayant d\u00e9j\u00e0 une exp\u00e9rience de retraite en silence.<br><a href=\"https:\/\/meditentramis.net\/index.php\/sejour-meditation-vipassana-finistere\/\" data-type=\"page\" data-id=\"2212\">En savoir plus sur ces s\u00e9jours de m\u00e9ditation en silence<\/a><br><\/p>\n<\/div><\/div>\n\n\n\n<p><\/p>\n","protected":false},"excerpt":{"rendered":"<p>Nos activit\u00e9s ont lieu en Bretagne dans le Finist\u00e8re sud sur des lieux proches de Quimper. Medit\u2019Entr\u2019Amis est une association sans but lucratif qui a pour objectif de proposer des activit\u00e9s et s\u00e9jours portant sur la m\u00e9ditation en pleine conscience et sur la vie en pleine pr\u00e9sence dans une vision et une pratique la\u00efques et &hellip; <a href=\"https:\/\/meditentramis.net\/index.php\/activites\/\" class=\"more-link\">Continue reading<span class=\"screen-reader-text\"> &#8220;Les activit\u00e9s de l&#8217;association&#8221;<\/span><\/a><\/p>\n","protected":false},"author":1,"featured_media":0,"parent":0,"menu_order":3,"comment_status":"closed","ping_status":"closed","template":"","meta":{"footnotes":""},"_links":{"self":[{"href":"https:\/\/meditentramis.net\/index.php\/wp-json\/wp\/v2\/pages\/7"}],"collection":[{"href":"https:\/\/meditentramis.net\/index.php\/wp-json\/wp\/v2\/pages"}],"about":[{"href":"https:\/\/meditentramis.net\/index.php\/wp-json\/wp\/v2\/types\/page"}],"author":[{"embeddable":true,"href":"https:\/\/meditentramis.net\/index.php\/wp-json\/wp\/v2\/users\/1"}],"replies":[{"embeddable":true,"href":"https:\/\/meditentramis.net\/index.php\/wp-json\/wp\/v2\/comments?post=7"}],"version-history":[{"count":289,"href":"https:\/\/meditentramis.net\/index.php\/wp-json\/wp\/v2\/pages\/7\/revisions"}],"predecessor-version":[{"id":3877,"href":"https:\/\/meditentramis.net\/index.php\/wp-json\/wp\/v2\/pages\/7\/revisions\/3877"}],"wp:attachment":[{"href":"https:\/\/meditentramis.net\/index.php\/wp-json\/wp\/v2\/media?parent=7"}],"curies":[{"name":"wp","href":"https:\/\/api.w.org\/{rel}","templated":true}]}}